{"id":3,"date":"2020-10-06T14:10:27","date_gmt":"2020-10-06T12:10:27","guid":{"rendered":"https:\/\/stacjapsychoedukacja.pl\/?page_id=3"},"modified":"2021-01-14T18:01:36","modified_gmt":"2021-01-14T17:01:36","slug":"polityka-prywatnosci","status":"publish","type":"page","link":"https:\/\/stacjapsychoedukacja.pl\/?page_id=3","title":{"rendered":"Polityka prywatno\u015bci"},"content":{"rendered":"\n<p><strong>Polityka prywatno\u015bci i\u00a0plik\u00f3w cookies<\/strong><\/p>\n\n\n\n<p>Poni\u017cej znajdziesz zasady przetwarzania danych osobowych oraz\u00a0wykorzystywania plik\u00f3w cookies w\u00a0zwi\u0105zku z\u00a0korzystaniem ze\u00a0strony internetowej\u00a0<a href=\"https:\/\/rafalszewczak.com\/\">stacjapsychoedukacja.pl<\/a><\/p>\n\n\n\n<p>Administratorem strony jest BCD Jaros\u0142aw Brzozowski, ul. Odkryta 56 A \/23, 03-140 Warszawa, NIP8541913905.<\/p>\n\n\n\n<p>W\u00a0razie jakichkolwiek w\u0105tpliwo\u015bci zwi\u0105zanych z\u00a0polityk\u0105 prywatno\u015bci, mo\u017cesz si\u0119 ze\u00a0mn\u0105 skontaktowa\u0107 bezpo\u015brednio, pisz\u0105c na\u00a0adres: kontakt@stacjapsychoedukacja.pl<\/p>\n\n\n\n<p><strong>Skr\u00f3cona wersja \u2013 najwa\u017cniejsze informacje<\/strong><\/p>\n\n\n\n<p>Najwa\u017cniejsze zapisy Polityki prywatno\u015bci<\/p>\n\n\n\n<ol><li>Dodaj\u0105c komentarz na\u00a0blogu, zapisuj\u0105c si\u0119 do\u00a0newslettera czy\u00a0po\u00a0prostu kontaktuj\u0105c si\u0119 ze\u00a0mn\u0105, przekazujesz mi swoje dane osobowe, a\u00a0ja gwarantuj\u0119 Ci, \u017ce\u00a0Twoje\u00a0dane pozostan\u0105 poufne, bezpieczne i\u00a0nie\u00a0zostan\u0105 udost\u0119pnione jakimkolwiek podmiotom trzecim bez\u00a0Twojej\u00a0wyra\u017anej zgody.<\/li><li>Powierzam przetwarzanie danych osobowych tylko\u00a0sprawdzonym i\u00a0zaufanym podmiotom \u015bwiadcz\u0105cym us\u0142ugi zwi\u0105zane z\u00a0przetwarzaniem danych osobowych.<\/li><li>Korzystam z\u00a0narz\u0119dzi analitycznych Google Analytics, kt\u00f3re zbieraj\u0105 informacje na\u00a0temat Twoich\u00a0odwiedzin strony, takie jak podstrony, kt\u00f3re wy\u015bwietli\u0142e\u015b, czas, jaki sp\u0119dzi\u0142e\u015b na\u00a0stronie czy\u00a0przej\u015bcia pomi\u0119dzy poszczeg\u00f3lnymi podstronami. W\u00a0tym celu wykorzystywane s\u0105 pliki cookies firmy <span class=\"has-inline-color has-black-color\">Google LLC dotycz\u0105ce us\u0142ugi Google Analytics.<\/span><\/li><li><span class=\"has-inline-color has-black-color\">Zapewniam mo\u017cliwo\u015b\u0107 korzystania z\u00a0funkcji spo\u0142eczno\u015bciowych, takich jak udost\u0119pnianie <\/span>tre\u015bci w\u00a0serwisach spo\u0142eczno\u015bciowych oraz\u00a0subskrypcja profilu spo\u0142eczno\u015bciowego. Korzystanie z\u00a0tych funkcji mo\u017ce wi\u0105za\u0107 si\u0119 z\u00a0wykorzystywaniem plik\u00f3w cookies administrator\u00f3w serwis\u00f3w spo\u0142eczno\u015bciowych takich jak Facebook, Instagram, YouTube, Twitter, LinkedIn.<\/li><li>Wykorzystuj\u0119 pliki cookies w\u0142asne w\u00a0celu prawid\u0142owego dzia\u0142ania strony.<\/li><\/ol>\n\n\n\n<p>Poni\u017cej znajdziesz pe\u0142n\u0105 wersj\u0119 Polityki prywatno\u015bci:.<\/p>\n\n\n\n<p><strong>Dane osobowe<\/strong><\/p>\n\n\n\n<p><strong>Administratorem\u00a0<\/strong>Twoich\u00a0danych osobowych w\u00a0rozumieniu przepis\u00f3w o\u00a0ochronie danych osobowych jest BCD Jaros\u0142aw Brzozowski, ul. Odkryta 56 A \/23, 03-140 Warszawa, NIP8541913905.<\/p>\n\n\n\n<p><strong>Cele, podstawy prawne oraz&nbsp;okres przetwarzania danych osobowych&nbsp;<\/strong>wskazane s\u0105 odr\u0119bnie w&nbsp;stosunku do&nbsp;ka\u017cdego celu przetwarzania danych (patrz: opis poszczeg\u00f3lnych cel\u00f3w przetwarzania danych osobowych poni\u017cej).<\/p>\n\n\n\n<p><strong>Uprawnienia<\/strong>. RODO przyznaje Ci nast\u0119puj\u0105ce potencjalne uprawnienia zwi\u0105zane z&nbsp;przetwarzaniem Twoich&nbsp;danych osobowych:<\/p>\n\n\n\n<ul><li>prawo dost\u0119pu do&nbsp;danych osobowych,<\/li><li>prawo do&nbsp;sprostowania danych osobowych,<\/li><li>prawo do&nbsp;usuni\u0119cia danych osobowych,<\/li><li>prawo do&nbsp;ograniczenia przetwarzania danych osobowych,<\/li><li>prawo do&nbsp;wniesienia sprzeciwu co do&nbsp;przetwarzania danych osobowych,<\/li><li>prawo do&nbsp;przenoszenia danych,<\/li><li>prawo do&nbsp;wniesienia skargi do&nbsp;organu nadzorczego,<\/li><li>prawo do&nbsp;odwo\u0142ania zgody na&nbsp;przetwarzanie danych osobowych, je\u017celi takow\u0105 zgod\u0119 wyrazi\u0142e\u015b.<\/li><\/ul>\n\n\n\n<p>Zasady zwi\u0105zane z\u00a0realizacj\u0105 wskazanych uprawnie\u0144 zosta\u0142y opisane szczeg\u00f3\u0142owo w\u00a0art. 16 \u2013 21 RODO. Zach\u0119cam do\u00a0zapoznania si\u0119 z\u00a0tymi przepisami. Ze\u00a0swojej strony uwa\u017cam za\u00a0potrzebne wyja\u015bni\u0107 Ci, \u017ce\u00a0wskazane powy\u017cej uprawnienia nie\u00a0s\u0105 bezwzgl\u0119dne i\u00a0nie\u00a0b\u0119d\u0105 przys\u0142ugiwa\u0107 Ci w\u00a0stosunku do\u00a0wszystkich czynno\u015bci przetwarzania Twoich\u00a0danych osobowych. Dla Twojej\u00a0wygody do\u0142o\u017cy\u0142am stara\u0144, by\u00a0w\u00a0ramach opisu poszczeg\u00f3lnych operacji przetwarzania danych osobowych wskaza\u0107 na\u00a0przys\u0142uguj\u0105ce Ci w\u00a0ramach tych operacji uprawnienia.<\/p>\n\n\n\n<p>Podkre\u015blam, \u017ce\u00a0jedno z\u00a0uprawnie\u0144 wskazanych powy\u017cej przys\u0142uguje Ci zawsze \u2013 je\u017celi uznasz, \u017ce\u00a0przy przetwarzaniu Twoich\u00a0danych osobowych dopu\u015bci\u0142am si\u0119 naruszenia przepis\u00f3w o\u00a0ochronie danych osobowych, masz mo\u017cliwo\u015b\u0107 wniesienia skargi do\u00a0organu nadzorczego (Prezesa Urz\u0119du Ochrony Danych Osobowych).<\/p>\n\n\n\n<p>Zawsze mo\u017cesz r\u00f3wnie\u017c zwr\u00f3ci\u0107 si\u0119 do\u00a0mnie z\u00a0\u017c\u0105daniem udost\u0119pnienia Ci informacji o\u00a0tym, jakie dane na\u00a0Tw\u00f3j\u00a0temat posiadam oraz\u00a0w\u00a0jakich celach je przetwarzam. Wystarczy, \u017ce\u00a0skontaktujesz si\u0119 ze\u00a0mn\u0105 pod\u00a0adresem kontakt@stacjapsychoedukacja.pl. Do\u0142o\u017cy\u0142am jednak wszelkich stara\u0144, by\u00a0interesuj\u0105ce Ci\u0119 informacje zosta\u0142y wyczerpuj\u0105co przedstawione w\u00a0niniejszej polityce prywatno\u015bci. Podany powy\u017cej adres e-mail mo\u017cesz wykorzysta\u0107 r\u00f3wnie\u017c w\u00a0razie jakichkolwiek pyta\u0144 zwi\u0105zanych z\u00a0przetwarzaniem Twoich\u00a0danych osobowych.<\/p>\n\n\n\n<p><strong>Bezpiecze\u0144stwo<\/strong>. Gwarantuj\u0119 Ci poufno\u015b\u0107 wszelkich przekazanych mi danych osobowych. Zapewniam podj\u0119cie wszelkich \u015brodk\u00f3w bezpiecze\u0144stwa i&nbsp;ochrony danych osobowych wymaganych przez&nbsp;przepisy o&nbsp;ochronie danych osobowych. Dane osobowe s\u0105 gromadzone z&nbsp;nale\u017cyt\u0105 staranno\u015bci\u0105 i&nbsp;odpowiednio chronione przed&nbsp;dost\u0119pem do&nbsp;nich przez&nbsp;osoby do&nbsp;tego nieupowa\u017cnione.<\/p>\n\n\n\n<p><strong>Odbiorcy danych.<\/strong>&nbsp;Twoje&nbsp;dane mog\u0105 by\u0107 przetwarzane przez&nbsp;moich&nbsp;podwykonawc\u00f3w, czyli podmiot\u00f3w, z&nbsp;kt\u00f3rych&nbsp;us\u0142ug korzystam przy przetwarzaniu danych oraz&nbsp;\u015bwiadczeniu na&nbsp;Twoj\u0105 rzecz us\u0142ug czy&nbsp;realizacji zam\u00f3wie\u0144.<\/p>\n\n\n\n<ol><li>LH.pl Sp. z o.o. ul. Pami\u0105tkowa 2\/56 61-512 Pozna\u0144 \u2013 w\u00a0celu przechowywania danych osobowych na\u00a0serwerze, w\u00a0tym serwerze skrzynki pocztowej,<\/li><\/ol>\n\n\n\n<p>Wszystkie podmioty, kt\u00f3rym&nbsp;powierzam przetwarzanie danych osobowych gwarantuj\u0105 stosowanie odpowiednich \u015brodk\u00f3w ochrony i&nbsp;bezpiecze\u0144stwa danych osobowych wymaganych przez&nbsp;przepisy prawa.<\/p>\n\n\n\n<p>Cele i&nbsp;czynno\u015bci przetwarzania<\/p>\n\n\n\n<p><strong>Newsletter<\/strong>. Je\u017celi chcesz zapisa\u0107 si\u0119 do&nbsp;newslettera, musisz przekaza\u0107 mi sw\u00f3j adres e-mail oraz&nbsp;imi\u0119 za&nbsp;po\u015brednictwem formularza zapisu do&nbsp;newslettera. Podanie danych jest dobrowolne, ale&nbsp;niezb\u0119dne, by&nbsp;zapisa\u0107 si\u0119 do&nbsp;newslettera.<\/p>\n\n\n\n<p>Dane przekazane podczas zapisu do&nbsp;newslettera wykorzystywane s\u0105 w&nbsp;celu przesy\u0142ania Ci newslettera, a&nbsp;podstaw\u0105 prawn\u0105 ich przetwarzania jest Twoja zgoda (art. 6 ust. 1 lit. a&nbsp;RODO) wyra\u017cona podczas zapisywania si\u0119 do&nbsp;newslettera.<\/p>\n\n\n\n<p>Dane b\u0119d\u0105 przetwarzane przez&nbsp;czas funkcjonowania newslettera, chyba \u017ce&nbsp;wcze\u015bniej zrezygnujesz z&nbsp;jego otrzymywania, co spowoduje usuni\u0119cie Twoich&nbsp;danych z&nbsp;bazy.<\/p>\n\n\n\n<p>W&nbsp;ka\u017cdej chwili mo\u017cesz sprostowa\u0107 swoje dane zapisane w&nbsp;bazie newsletterowej, jak r\u00f3wnie\u017c za\u017c\u0105da\u0107 ich usuni\u0119cia, rezygnuj\u0105c z&nbsp;otrzymywania newslettera. Przys\u0142uguje Ci r\u00f3wnie\u017c prawo do&nbsp;przenoszenia danych, o&nbsp;kt\u00f3rym&nbsp;mowa w&nbsp;art. 20 RODO.<\/p>\n\n\n\n<p><strong>Kontakt<\/strong>. Kontaktuj\u0105c si\u0119 ze&nbsp;mn\u0105 za&nbsp;po\u015brednictwem poczty elektronicznej, w&nbsp;tym r\u00f3wnie\u017c przesy\u0142aj\u0105c zapytanie poprzez formularz kontaktowy, w&nbsp;spos\u00f3b naturalny przekazujesz mi sw\u00f3j adres e-mail jako adres nadawcy wiadomo\u015bci. Ponadto, w&nbsp;tre\u015bci wiadomo\u015bci mo\u017cesz zawrze\u0107 r\u00f3wnie\u017c inne dane osobowe. Podanie danych jest dobrowolne, ale&nbsp;niezb\u0119dne, by&nbsp;nawi\u0105za\u0107 kontakt.<\/p>\n\n\n\n<p>Twoje&nbsp;dane s\u0105 w&nbsp;tym przypadku przetwarzane w&nbsp;celu kontaktu z&nbsp;Tob\u0105, a&nbsp;podstaw\u0105 przetwarzania jest art. 6 ust. 1 lit. a&nbsp;RODO, czyli Twoja zgoda wynikaj\u0105ce z&nbsp;zainicjowania z&nbsp;kontaktu. Podstaw\u0105 prawn\u0105 przetwarzania po&nbsp;zako\u0144czeniu kontaktu jest usprawiedliwiony cel w&nbsp;postaci archiwizacji korespondencji na&nbsp;potrzeby wewn\u0119trzne (art. 6 ust. 1 lit. c RODO).<\/p>\n\n\n\n<p>Tre\u015b\u0107 korespondencji mo\u017ce podlega\u0107 archiwizacji i&nbsp;nie&nbsp;jestem w&nbsp;stanie jednoznacznie okre\u015bli\u0107, kiedy zostanie usuni\u0119ta. Masz prawo do&nbsp;domagania si\u0119 przedstawienia historii korespondencji, jak\u0105 ze&nbsp;mn\u0105 prowadzi\u0142e\u015b (je\u017celi podlega\u0142a archiwizacji), jak r\u00f3wnie\u017c domaga\u0107 si\u0119 jej usuni\u0119cia, chyba \u017ce&nbsp;jej archiwizacja jest uzasadniona z&nbsp;uwagi na&nbsp;m\u00f3j&nbsp;nadrz\u0119dny interes, np.&nbsp;obrona przed&nbsp;potencjalnymi roszczeniami z&nbsp;Twojej&nbsp;strony.<\/p>\n\n\n\n<p><strong>Komentarze<\/strong>. Je\u017celi chcesz doda\u0107 komentarz na\u00a0blogu, musisz wype\u0142ni\u0107 formularz i\u00a0poda\u0107 w\u00a0nim sw\u00f3j adres e-mail oraz\u00a0imi\u0119. Podanie danych jest dobrowolne, ale\u00a0niezb\u0119dne, by\u00a0doda\u0107 komentarz.<\/p>\n\n\n\n<p>Kiedy zostawiasz komentarz , dane widoczne w formularzu komentowania, jak i Tw\u00f3j adres IP oraz podpis Twojej przegl\u0105darki s\u0105 zachowywane  jako pomoc przy wykrywaniu spamu. Zanonimizowany ci\u0105g znak\u00f3w stworzony na podstawie Twojego adresu email (tak zwany hash mo\u017ce zosta\u0107 przes\u0142any do us\u0142ugi Gravatar w celu sprawdzenia czy go u\u017cywasz. Polityka prywatno\u015bci us\u0142ugi Gravatar jest dost\u0119pna tutaj: https:\/\/automattic.com\/privacy\/. Po zatwierdzeniu komentarza Tw\u00f3j obrazek profilowy jest widoczny publicznie w kontek\u015bcie twojego komentarza.<\/p>\n\n\n\n<p>Dane przekazane podczas dodawania komentarza wykorzystywane s\u0105 w\u00a0celu opublikowania komentarza na\u00a0blogu, a\u00a0podstaw\u0105 prawn\u0105 ich przetwarzania jest Twoja zgoda (art. 6 ust. 1 lit. a\u00a0RODO) wynikaj\u0105ca z\u00a0dodania komentarza.<\/p>\n\n\n\n<p>Dane b\u0119d\u0105 przetwarzane przez&nbsp;czas funkcjonowania komentarzy na&nbsp;blogu, chyba \u017ce&nbsp;wcze\u015bniej poprosisz o&nbsp;usuni\u0119cie komentarza, co spowoduje usuni\u0119cie Twoich&nbsp;danych z&nbsp;bazy.<\/p>\n\n\n\n<p>W\u00a0ka\u017cdej chwili mo\u017cesz sprostowa\u0107 swoje dane przypisane do\u00a0komentarza, jak r\u00f3wnie\u017c za\u017c\u0105da\u0107 ich usuni\u0119cia. Przys\u0142uguje Ci r\u00f3wnie\u017c prawo do\u00a0przenoszenia danych, o\u00a0kt\u00f3rym\u00a0mowa w\u00a0art. 20 RODO. <\/p>\n\n\n\n<p><strong>Pliki cookies i&nbsp;inne technologie \u015bledz\u0105ce<\/strong><\/p>\n\n\n\n<p>Moja strona, podobnie jak niemal wszystkie inne strony internetowe, wykorzystuje pliki cookies.<\/p>\n\n\n\n<p>Cookies to&nbsp;niewielkie informacje tekstowe, przechowywane na&nbsp;Twoim urz\u0105dzeniu ko\u0144cowym (np.&nbsp;komputerze, tablecie, smartfonie), kt\u00f3re mog\u0105 by\u0107 odczytywane przez&nbsp;m\u00f3j&nbsp;system teleinformatyczny (cookies w\u0142asne) lub system teleinformatyczny podmiot\u00f3w trzecich (cookies podmiot\u00f3w trzecich).<\/p>\n\n\n\n<p>Niekt\u00f3re u\u017cywane przeze mnie cookies s\u0105 usuwane po&nbsp;zako\u0144czeniu sesji przegl\u0105darki internetowej, tzn. po&nbsp;jej zamkni\u0119ciu (tzw. cookies sesyjne). Inne cookies s\u0105 zachowywane na&nbsp;Twoim urz\u0105dzeniu ko\u0144cowym i&nbsp;umo\u017cliwiaj\u0105 mi rozpoznanie Twojej&nbsp;przegl\u0105darki przy kolejnym wej\u015bciu na&nbsp;stron\u0119 (trwa\u0142e cookies).<\/p>\n\n\n\n<p>Wi\u0119cej szczeg\u00f3\u0142\u00f3w znajdziesz poni\u017cej.<\/p>\n\n\n\n<p><strong>Zgoda na\u00a0cookies<\/strong><span class=\"has-inline-color has-vivid-red-color\">. <\/span>Pami\u0119taj, \u017ce\u00a0wy\u0142\u0105czenie lub ograniczenie obs\u0142ugi plik\u00f3w cookies mo\u017ce powodowa\u0107 trudno\u015bci w\u00a0korzystaniu z\u00a0mojej\u00a0strony, jak r\u00f3wnie\u017c z\u00a0wielu innych stron internetowych, kt\u00f3re stosuj\u0105 cookies.<\/p>\n\n\n\n<p><strong>Cookies w\u0142asne<\/strong>. Cookies w\u0142asne wykorzystuj\u0119 w&nbsp;celu zapewnienia prawid\u0142owego dzia\u0142ania strony, w&nbsp;szczeg\u00f3lno\u015bci procesu zam\u00f3wienia.<\/p>\n\n\n\n<p><strong>Cookies podmiot\u00f3w trzecich<\/strong>. Moja strona, podobnie jak wi\u0119kszo\u015b\u0107 wsp\u00f3\u0142czesnych stron internetowych, wykorzystuje funkcje zapewniane przez&nbsp;podmioty trzecie, co wi\u0105\u017ce si\u0119 z&nbsp;wykorzystywaniem plik\u00f3w cookies pochodz\u0105cych od&nbsp;podmiot\u00f3w trzecich. Wykorzystanie tego rodzaju plik\u00f3w cookies zosta\u0142o opisane poni\u017cej.<\/p>\n\n\n\n<p><strong>Google Analytics.&nbsp;<\/strong>Korzystam z&nbsp;narz\u0119dzia Google Analytics zapewnianego przez&nbsp;Google LLC, 1600 Amphitheatre Parkway, Mountain View, CA 94043, USA. Dzia\u0142ania w&nbsp;tym zakresie realizuj\u0119, opieraj\u0105c si\u0119 na&nbsp;moim prawnie uzasadnionym interesie, polegaj\u0105cym na&nbsp;tworzeniu statystyk i&nbsp;ich analizie w&nbsp;celu optymalizacji mojej&nbsp;strony internetowej.<\/p>\n\n\n\n<p>Google Analytics w&nbsp;spos\u00f3b automatyczny gromadzi informacje o&nbsp;Twoim korzystaniu z&nbsp;mojej&nbsp;strony. Zgromadzone w&nbsp;ten spos\u00f3b informacje s\u0105 najcz\u0119\u015bciej przekazywane do&nbsp;serwera Google w&nbsp;Stanach Zjednoczonych i&nbsp;tam przechowywane.<\/p>\n\n\n\n<p><span class=\"has-inline-color has-black-color\">Z\u00a0uwagi na\u00a0aktywowan\u0105 przeze mnie anonimizacj\u0119 adresu IP, Tw\u00f3j\u00a0adres IP jest skracany przed\u00a0przekazaniem dalej. Tylko\u00a0w\u00a0wyj\u0105tkowych przypadkach pe\u0142ny adres IP jest <\/span>przekazywany do\u00a0serwera Google w\u00a0Stanach Zjednoczonych i\u00a0dopiero tam skracany. Zanonimizowany adres IP przekazany przez\u00a0Twoj\u0105 przegl\u0105dark\u0119 w\u00a0ramach Google Analytics co do\u00a0zasady nie\u00a0jest \u0142\u0105czony z\u00a0innymi danymi Google.<\/p>\n\n\n\n<p>Z&nbsp;uwagi na&nbsp;to, \u017ce&nbsp;Google LLC posiada siedzib\u0105 w&nbsp;USA i&nbsp;wykorzystuje infrastruktur\u0119 techniczn\u0105 znajduj\u0105c\u0105 si\u0119 w&nbsp;USA, przyst\u0105pi\u0142 do&nbsp;programu EU-US-Privacy Shield w&nbsp;celu zapewnienia odpowiedniego poziomu ochrony danych osobowych wymaganego przez&nbsp;przepisu europejskie. W&nbsp;ramach umowy pomi\u0119dzy USA a&nbsp;Komisj\u0105 Europejsk\u0105 ta ostatnia stwierdzi\u0142a odpowiedni poziom ochrony danych w&nbsp;przypadku przedsi\u0119biorstw posiadaj\u0105cych certyfikat Privacy Shield.<\/p>\n\n\n\n<p>Mo\u017cesz zapobiec rejestrowaniu zgromadzonych przez&nbsp;pliki cookies danych dotycz\u0105cych korzystania przez&nbsp;Ciebie z&nbsp;mojej&nbsp;strony internetowej przez&nbsp;Google, jak r\u00f3wnie\u017c przetwarzaniu tych danych przez&nbsp;Google, instaluj\u0105c wtyczk\u0119 do&nbsp;przegl\u0105darki znajduj\u0105c\u0105 si\u0119 pod&nbsp;nast\u0119puj\u0105cym adresem:&nbsp;<a href=\"https:\/\/tools.google.com\/dlpage\/gaoptout\">https:\/\/tools.google.com\/dlpage\/gaoptout<\/a>.<\/p>\n\n\n\n<p>Je\u017celi jeste\u015b zainteresowany szczeg\u00f3\u0142ami zwi\u0105zanymi z\u00a0przetwarzaniem danych w\u00a0ramach Google Analytics, zach\u0119cam do\u00a0zapoznania si\u0119 z\u00a0wyja\u015bnieniami przygotowanymi przez\u00a0Google:\u00a0<a href=\"https:\/\/support.google.com\/analytics\/answer\/6004245\">https:\/\/support.google.com\/analytics\/answer\/6004245<\/a>.\u00a0<\/p>\n\n\n\n<p><strong>Narz\u0119dzia spo\u0142eczno\u015bciowe<\/strong>. Na&nbsp;mojej&nbsp;stronie u\u017cywane s\u0105 wtyczki i&nbsp;inne narz\u0119dzia spo\u0142eczno\u015bciowe udost\u0119pniane przez&nbsp;serwisy spo\u0142eczno\u015bciowe, takie jak Facebook, Twitter, Instagram, Google, LinkedIN.&nbsp;<\/p>\n\n\n\n<p>Wy\u015bwietlaj\u0105c moj\u0105 stron\u0119 internetow\u0105, zawieraj\u0105c\u0105 tak\u0105 wtyczk\u0119, Twoja przegl\u0105darka nawi\u0105\u017ce bezpo\u015brednie po\u0142\u0105czenie z&nbsp;serwerami administrator\u00f3w serwis\u00f3w spo\u0142eczno\u015bciowych (us\u0142ugodawc\u00f3w). Zawarto\u015b\u0107 wtyczki jest przekazywana przez&nbsp;danego us\u0142ugodawc\u0119 bezpo\u015brednio do&nbsp;Twojej&nbsp;przegl\u0105darki i&nbsp;integrowana ze&nbsp;stron\u0105. Dzi\u0119ki tej&nbsp;integracji us\u0142ugodawcy otrzymuj\u0105 informacj\u0119, \u017ce&nbsp;Twoja przegl\u0105darka wy\u015bwietli\u0142a moj\u0105 stron\u0119, nawet je\u015bli nie&nbsp;posiadasz profilu u&nbsp;danego us\u0142ugodawcy czy&nbsp;nie&nbsp;jeste\u015b u&nbsp;niego akurat zalogowany. Taka informacja (wraz z&nbsp;Twoim adresem IP) jest przez&nbsp;Twoj\u0105 przegl\u0105dark\u0119 przesy\u0142ana bezpo\u015brednio do&nbsp;serwera danego us\u0142ugodawcy (niekt\u00f3re serwery znajduj\u0105 si\u0119 w&nbsp;USA) i&nbsp;tam przechowywana.<\/p>\n\n\n\n<p>Je\u015bli zalogowa\u0142e\u015b si\u0119 do&nbsp;jednego z&nbsp;serwis\u00f3w spo\u0142eczno\u015bciowych, to&nbsp;us\u0142ugodawca ten b\u0119dzie m\u00f3g\u0142 bezpo\u015brednio przyporz\u0105dkowa\u0107 wizyt\u0119 na&nbsp;mojej&nbsp;stronie do&nbsp;Twojego&nbsp;profilu w&nbsp;danym serwisie spo\u0142eczno\u015bciowym.<\/p>\n\n\n\n<p>Je\u015bli u\u017cyjesz danej wtyczki, np.&nbsp;kilkaj\u0105c w&nbsp;przycisk \u201eLubi\u0119 to\u201d lub \u201eUdost\u0119pnij\u201d, to&nbsp;odpowiednia informacja zostanie r\u00f3wnie\u017c przes\u0142ana bezpo\u015brednio na&nbsp;serwer danego us\u0142ugodawcy i&nbsp;tam zachowana.<\/p>\n\n\n\n<p>Ponadto, informacje te zostan\u0105 opublikowane w&nbsp;danym serwisie spo\u0142eczno\u015bciowym i&nbsp;uka\u017c\u0105 si\u0119 osobom dodanym jako Twoje&nbsp;kontakty.&nbsp;Cel i&nbsp;zakres gromadzenia danych oraz&nbsp;ich dalszego przetwarzania i&nbsp;wykorzystania przez&nbsp;us\u0142ugodawc\u00f3w, jak r\u00f3wnie\u017c mo\u017cliwo\u015b\u0107 kontaktu oraz&nbsp;Twoje&nbsp;prawa w&nbsp;tym zakresie i&nbsp;mo\u017cliwo\u015b\u0107 dokonania ustawie\u0144 zapewniaj\u0105cych ochron\u0119 Twojej&nbsp;prywatno\u015bci zosta\u0142y opisane w&nbsp;polityce prywatno\u015bci poszczeg\u00f3lnych us\u0142ugodawc\u00f3w.&nbsp;<\/p>\n\n\n\n<ul><li>Facebook \u2013&nbsp;<a href=\"https:\/\/www.facebook.com\/legal\/FB_Work_Privacy\">https:\/\/www.facebook.com\/legal\/FB_Work_Privacy<\/a>,<\/li><li>Instagram \u2013&nbsp;<a href=\"https:\/\/help.instagram.com\/519522125107875?helpref=page_content\">https:\/\/help.instagram.com\/519522125107875?helpref=page_content<\/a>,<\/li><li>Twitter \u2013&nbsp;<a href=\"https:\/\/twitter.com\/en\/privacy\">https:\/\/twitter.com\/en\/privacy<\/a>,<\/li><li>Google \u2013&nbsp;<a href=\"https:\/\/policies.google.com\/privacy?hl=pl\">https:\/\/policies.google.com\/privacy?hl=pl<\/a>,<\/li><li>LinkedIN \u2013&nbsp;<a href=\"https:\/\/www.linkedin.com\/legal\/privacy-policy\">https:\/\/www.linkedin.com\/legal\/privacy-policy<\/a>.<\/li><\/ul>\n\n\n\n<p>Je\u015bli nie&nbsp;chcesz, aby serwisy spo\u0142eczno\u015bciowe przyporz\u0105dkowywa\u0142y dane zebrane w&nbsp;trakcie odwiedzin na&nbsp;mojej&nbsp;stronie internetowej bezpo\u015brednio Twojemu profilowi w&nbsp;danym serwisie, to&nbsp;przed&nbsp;wizyt\u0105 na&nbsp;naszej stronie musisz si\u0119 wylogowa\u0107 z&nbsp;tego serwisu. Mo\u017cesz r\u00f3wnie\u017c ca\u0142kowicie uniemo\u017cliwi\u0107 za\u0142adowanie na&nbsp;stronie wtyczek stosuj\u0105c odpowiednie rozszerzenia dla Twojej&nbsp;przegl\u0105darki, np.&nbsp;blokowanie skrypt\u00f3w.<\/p>\n\n\n\n<p><strong>Logi serwera<\/strong><\/p>\n\n\n\n<p>Korzystanie ze&nbsp;strony wi\u0105\u017ce si\u0119 z&nbsp;przesy\u0142aniem zapyta\u0144 do&nbsp;serwera, na&nbsp;kt\u00f3rym&nbsp;przechowywana jest strona. Ka\u017cde zapytanie skierowane do&nbsp;serwera zapisywane jest w&nbsp;logach serwera.<\/p>\n\n\n\n<p>Logi obejmuj\u0105 m.in.&nbsp;Tw\u00f3j&nbsp;adres IP, dat\u0119 i&nbsp;czas serwera, informacje o&nbsp;przegl\u0105darce internetowej i&nbsp;systemie operacyjnym z&nbsp;jakiego korzystasz. Logi zapisywane i&nbsp;przechowywane s\u0105 na&nbsp;serwerze.<\/p>\n\n\n\n<p>Dane zapisane w&nbsp;logach serwera nie&nbsp;s\u0105 kojarzone z&nbsp;konkretnymi osobami korzystaj\u0105cymi ze&nbsp;strony i&nbsp;nie&nbsp;s\u0105 wykorzystywane przeze mnie w&nbsp;celu Twojej&nbsp;identyfikacji.<\/p>\n\n\n\n<p>Logi serwera stanowi\u0105 wy\u0142\u0105cznie materia\u0142 pomocniczy s\u0142u\u017c\u0105cy do&nbsp;administrowania stron\u0105, a&nbsp;ich zawarto\u015b\u0107 nie&nbsp;jest ujawniana nikomu poza osobami upowa\u017cnionymi do&nbsp;administrowania serwerem.<\/p>\n","protected":false},"excerpt":{"rendered":"<p>Polityka prywatno\u015bci i\u00a0plik\u00f3w cookies Poni\u017cej znajdziesz zasady przetwarzania danych osobowych oraz\u00a0wykorzystywania plik\u00f3w cookies w\u00a0zwi\u0105zku z\u00a0korzystaniem ze\u00a0strony internetowej\u00a0stacjapsychoedukacja.pl Administratorem strony jest BCD Jaros\u0142aw Brzozowski, ul. Odkryta 56 A \/23, 03-140 Warszawa, NIP8541913905. W\u00a0razie jakichkolwiek w\u0105tpliwo\u015bci zwi\u0105zanych z\u00a0polityk\u0105 prywatno\u015bci, mo\u017cesz si\u0119 ze\u00a0mn\u0105 skontaktowa\u0107 bezpo\u015brednio, pisz\u0105c na\u00a0adres: kontakt@stacjapsychoedukacja.pl Skr\u00f3cona wersja \u2013 najwa\u017cniejsze informacje Najwa\u017cniejsze zapisy Polityki prywatno\u015bci Dodaj\u0105c &hellip; <\/p>\n<p class=\"link-more\"><a href=\"https:\/\/stacjapsychoedukacja.pl\/?page_id=3\" class=\"more-link\">Czytaj dalej<span class=\"screen-reader-text\"> Polityka prywatno\u015bci<\/span><\/a><\/p>\n","protected":false},"author":1,"featured_media":0,"parent":0,"menu_order":0,"comment_status":"closed","ping_status":"open","template":"","meta":[],"_links":{"self":[{"href":"https:\/\/stacjapsychoedukacja.pl\/index.php?rest_route=\/wp\/v2\/pages\/3"}],"collection":[{"href":"https:\/\/stacjapsychoedukacja.pl\/index.php?rest_route=\/wp\/v2\/pages"}],"about":[{"href":"https:\/\/stacjapsychoedukacja.pl\/index.php?rest_route=\/wp\/v2\/types\/page"}],"author":[{"embeddable":true,"href":"https:\/\/stacjapsychoedukacja.pl\/index.php?rest_route=\/wp\/v2\/users\/1"}],"replies":[{"embeddable":true,"href":"https:\/\/stacjapsychoedukacja.pl\/index.php?rest_route=%2Fwp%2Fv2%2Fcomments&post=3"}],"version-history":[{"count":12,"href":"https:\/\/stacjapsychoedukacja.pl\/index.php?rest_route=\/wp\/v2\/pages\/3\/revisions"}],"predecessor-version":[{"id":50,"href":"https:\/\/stacjapsychoedukacja.pl\/index.php?rest_route=\/wp\/v2\/pages\/3\/revisions\/50"}],"wp:attachment":[{"href":"https:\/\/stacjapsychoedukacja.pl\/index.php?rest_route=%2Fwp%2Fv2%2Fmedia&parent=3"}],"curies":[{"name":"wp","href":"https:\/\/api.w.org\/{rel}","templated":true}]}}